{"id":87,"date":"2024-08-24T04:35:51","date_gmt":"2024-08-24T04:35:51","guid":{"rendered":"https:\/\/bbcfm87.com\/?page_id=87"},"modified":"2024-08-24T04:51:38","modified_gmt":"2024-08-24T04:51:38","slug":"programacao","status":"publish","type":"page","link":"https:\/\/bbcfm87.com\/index.php\/programacao\/","title":{"rendered":"PROGRAMA\u00c7\u00c3O"},"content":{"rendered":"\t\t<div data-elementor-type=\"wp-page\" data-elementor-id=\"87\" class=\"elementor elementor-87\">\n\t\t\t\t<div class=\"elementor-element elementor-element-327252b e-con-full e-flex e-con e-parent\" data-id=\"327252b\" data-element_type=\"container\" data-settings=\"{&quot;background_background&quot;:&quot;classic&quot;}\">\n\t\t\t\t<div class=\"elementor-element elementor-element-7e3378de elementor-widget elementor-widget-heading\" data-id=\"7e3378de\" data-element_type=\"widget\" data-widget_type=\"heading.default\">\n\t\t\t\t<div class=\"elementor-widget-container\">\n\t\t\t<style>\/*! elementor - v3.23.0 - 05-08-2024 *\/\n.elementor-heading-title{padding:0;margin:0;line-height:1}.elementor-widget-heading .elementor-heading-title[class*=elementor-size-]>a{color:inherit;font-size:inherit;line-height:inherit}.elementor-widget-heading .elementor-heading-title.elementor-size-small{font-size:15px}.elementor-widget-heading .elementor-heading-title.elementor-size-medium{font-size:19px}.elementor-widget-heading .elementor-heading-title.elementor-size-large{font-size:29px}.elementor-widget-heading .elementor-heading-title.elementor-size-xl{font-size:39px}.elementor-widget-heading .elementor-heading-title.elementor-size-xxl{font-size:59px}<\/style><h1 class=\"elementor-heading-title elementor-size-default\">programa\u00e7\u00e3o\n<br><br><\/h1>\t\t<\/div>\n\t\t\t\t<\/div>\n\t\t\t\t<div class=\"elementor-element elementor-element-5750c824 elementor-absolute elementor-view-default elementor-widget elementor-widget-icon\" data-id=\"5750c824\" data-element_type=\"widget\" data-settings=\"{&quot;_position&quot;:&quot;absolute&quot;}\" data-widget_type=\"icon.default\">\n\t\t\t\t<div class=\"elementor-widget-container\">\n\t\t\t\t\t<div class=\"elementor-icon-wrapper\">\n\t\t\t<div class=\"elementor-icon\">\n\t\t\t<svg aria-hidden=\"true\" class=\"e-font-icon-svg e-fas-music\" viewBox=\"0 0 512 512\" xmlns=\"http:\/\/www.w3.org\/2000\/svg\"><path d=\"M470.38 1.51L150.41 96A32 32 0 0 0 128 126.51v261.41A139 139 0 0 0 96 384c-53 0-96 28.66-96 64s43 64 96 64 96-28.66 96-64V214.32l256-75v184.61a138.4 138.4 0 0 0-32-3.93c-53 0-96 28.66-96 64s43 64 96 64 96-28.65 96-64V32a32 32 0 0 0-41.62-30.49z\"><\/path><\/svg>\t\t\t<\/div>\n\t\t<\/div>\n\t\t\t\t<\/div>\n\t\t\t\t<\/div>\n\t\t\t\t<div class=\"elementor-element elementor-element-4f9d00dc elementor-widget__width-initial elementor-widget-mobile__width-inherit elementor-widget elementor-widget-text-editor\" data-id=\"4f9d00dc\" data-element_type=\"widget\" data-widget_type=\"text-editor.default\">\n\t\t\t\t<div class=\"elementor-widget-container\">\n\t\t\t<style>\/*! elementor - v3.23.0 - 05-08-2024 *\/\n.elementor-widget-text-editor.elementor-drop-cap-view-stacked .elementor-drop-cap{background-color:#69727d;color:#fff}.elementor-widget-text-editor.elementor-drop-cap-view-framed .elementor-drop-cap{color:#69727d;border:3px solid;background-color:transparent}.elementor-widget-text-editor:not(.elementor-drop-cap-view-default) .elementor-drop-cap{margin-top:8px}.elementor-widget-text-editor:not(.elementor-drop-cap-view-default) .elementor-drop-cap-letter{width:1em;height:1em}.elementor-widget-text-editor .elementor-drop-cap{float:left;text-align:center;line-height:1;font-size:50px}.elementor-widget-text-editor .elementor-drop-cap-letter{display:inline-block}<\/style>\t\t\t\t<ul class=\"nav nav-tabs\" role=\"tablist\"><li class=\"\" role=\"presentation\"><strong>SEGUNDA A SEXTA<\/strong><\/li><\/ul><div class=\"tab-content\"><div id=\"prog-Mon\" class=\"tab-pane active\" role=\"tabpanel\"><div id=\"table-Mon_wrapper\" class=\"dataTables_wrapper form-inline dt-bootstrap no-footer\"><div class=\"row\"><div class=\"col-sm-12\"><table id=\"table-Mon\" class=\"table table-striped table-hover table-condensed table-selected dataTable no-footer\"><thead><tr><th class=\"sorting_disabled\" colspan=\"1\" rowspan=\"1\">Hor\u00e1rio<\/th><th class=\"sorting_disabled\" colspan=\"1\" rowspan=\"1\">Programa<\/th><th class=\"sorting_disabled\" colspan=\"1\" rowspan=\"1\">Apresentador<\/th><\/tr><\/thead><tbody><tr class=\"odd\"><td><strong>05:00<\/strong><\/td><td><strong>Amanhecer no Sert\u00e3o<\/strong><\/td><td>\u00a0<\/td><\/tr><tr class=\"even\"><td><strong>06:00<\/strong><\/td><td><strong>Jornal caf\u00e9 com Noticia<\/strong><\/td><td><strong>R ANDRADE E MARCOS BORGES<\/strong><\/td><\/tr><tr class=\"odd\"><td><strong>08:00<\/strong><\/td><td><strong>Programa\u00e7\u00e3o Musical BBC<\/strong><\/td><td>\u00a0<\/td><\/tr><tr class=\"even\"><td><strong>09:00<\/strong><\/td><td><strong>Show da Manh\u00e3<\/strong><\/td><td><strong>MARCOS BORGES<\/strong><\/td><\/tr><tr class=\"odd\"><td><strong>11:00<\/strong><\/td><td><strong>As Mais Pedidas da Manh\u00e3 BBC<\/strong><\/td><td>\u00a0<\/td><\/tr><tr class=\"even\"><td><strong>12:00<\/strong><\/td><td><strong>Jornal a Hora Do Almo\u00e7o<\/strong><\/td><td>\u00a0<\/td><\/tr><tr class=\"odd\"><td><strong>14:00<\/strong><\/td><td><strong>Super Tarde<\/strong><\/td><td><strong>MIKAELE FREIRE<\/strong><\/td><\/tr><tr class=\"even\"><td><strong>17:00<\/strong><\/td><td><strong>Sequencia da BBC<\/strong><\/td><td>\u00a0<\/td><\/tr><tr class=\"odd\"><td><strong>17:30<\/strong><\/td><td><strong>Encontro De Violas<\/strong><\/td><td><strong>Sargento \u00c2ngelo<\/strong><\/td><\/tr><tr class=\"even\"><td><strong>19:00<\/strong><\/td><td><strong>A Voz Do Brasil<\/strong><\/td><td>\u00a0<\/td><\/tr><tr class=\"odd\"><td><strong>20:00<\/strong><\/td><td><strong>Bel\u00e9m a Noite<\/strong><\/td><\/tr><\/tbody><\/table><\/div><\/div><\/div><\/div><\/div>\t\t\t\t\t\t<\/div>\n\t\t\t\t<\/div>\n\t\t\t\t<\/div>\n\t\t\t\t<\/div>\n\t\t","protected":false},"excerpt":{"rendered":"<p>programa\u00e7\u00e3o SEGUNDA A SEXTA Hor\u00e1rio Programa Apresentador 05:00 Amanhecer no Sert\u00e3o \u00a0 06:00 Jornal caf\u00e9 com Noticia R ANDRADE E MARCOS BORGES 08:00 Programa\u00e7\u00e3o Musical BBC \u00a0 09:00 Show da Manh\u00e3 MARCOS BORGES 11:00 As Mais Pedidas da Manh\u00e3 BBC \u00a0 12:00 Jornal a Hora Do Almo\u00e7o \u00a0 14:00 Super Tarde MIKAELE FREIRE 17:00 Sequencia [&hellip;]<\/p>\n","protected":false},"author":1,"featured_media":0,"parent":0,"menu_order":0,"comment_status":"closed","ping_status":"closed","template":"elementor_canvas","meta":{"footnotes":""},"class_list":["post-87","page","type-page","status-publish","hentry"],"_links":{"self":[{"href":"https:\/\/bbcfm87.com\/index.php\/wp-json\/wp\/v2\/pages\/87","targetHints":{"allow":["GET"]}}],"collection":[{"href":"https:\/\/bbcfm87.com\/index.php\/wp-json\/wp\/v2\/pages"}],"about":[{"href":"https:\/\/bbcfm87.com\/index.php\/wp-json\/wp\/v2\/types\/page"}],"author":[{"embeddable":true,"href":"https:\/\/bbcfm87.com\/index.php\/wp-json\/wp\/v2\/users\/1"}],"replies":[{"embeddable":true,"href":"https:\/\/bbcfm87.com\/index.php\/wp-json\/wp\/v2\/comments?post=87"}],"version-history":[{"count":7,"href":"https:\/\/bbcfm87.com\/index.php\/wp-json\/wp\/v2\/pages\/87\/revisions"}],"predecessor-version":[{"id":95,"href":"https:\/\/bbcfm87.com\/index.php\/wp-json\/wp\/v2\/pages\/87\/revisions\/95"}],"wp:attachment":[{"href":"https:\/\/bbcfm87.com\/index.php\/wp-json\/wp\/v2\/media?parent=87"}],"curies":[{"name":"wp","href":"https:\/\/api.w.org\/{rel}","templated":true}]}}